{"id":13005,"date":"2024-04-10T15:57:44","date_gmt":"2024-04-10T15:57:44","guid":{"rendered":"https:\/\/most-education.lv\/?page_id=13005"},"modified":"2024-05-16T13:16:31","modified_gmt":"2024-05-16T13:16:31","slug":"agency_form","status":"publish","type":"page","link":"https:\/\/most-education.lv\/ru\/agency_form\/","title":{"rendered":"\u0417\u0430\u044f\u0432\u043a\u0430 \u043d\u0430 \u043a\u043e\u043d\u0441\u0443\u043b\u044c\u0442\u0430\u0446\u0438\u044e"},"content":{"rendered":"<p>[et_pb_section fb_built=&#187;1&#8243; theme_builder_area=&#187;post_content&#187; _builder_version=&#187;4.17.3&#8243; _module_preset=&#187;default&#187;][et_pb_row _builder_version=&#187;4.17.3&#8243; _module_preset=&#187;default&#187; theme_builder_area=&#187;post_content&#187;][et_pb_column _builder_version=&#187;4.17.3&#8243; _module_preset=&#187;default&#187; type=&#187;4_4&#8243; theme_builder_area=&#187;post_content&#187;][et_pb_text _builder_version=&#187;4.17.3&#8243; _module_preset=&#187;default&#187; theme_builder_area=&#187;post_content&#187; hover_enabled=&#187;0&#8243; sticky_enabled=&#187;0&#8243;]<\/p>\n<h1 style=\"text-align: center;\"><strong>\u0417\u0430\u044f\u0432\u043a\u0430 \u043d\u0430 \u0431\u0435\u0441\u043f\u043b\u0430\u0442\u043d\u0443\u044e \u043a\u043e\u043d\u0441\u0443\u043b\u044c\u0442\u0430\u0446\u0438\u044e<\/strong><\/h1>\n<p>[\/et_pb_text][\/et_pb_column][\/et_pb_row][et_pb_row _builder_version=&#187;4.17.3&#8243; _module_preset=&#187;default&#187; column_structure=&#187;1_3,1_3,1_3&#8243; theme_builder_area=&#187;post_content&#187;][et_pb_column _builder_version=&#187;4.17.3&#8243; _module_preset=&#187;default&#187; type=&#187;1_3&#8243; theme_builder_area=&#187;post_content&#187;][et_pb_blurb title=&#187;\u041d\u0435 \u0432\u044b\u0445\u043e\u0434\u044f \u0438\u0437 \u0434\u043e\u043c\u0430\/\u043e\u0444\u0438\u0441\u0430&#187; _builder_version=&#187;4.17.3&#8243; _module_preset=&#187;default&#187; theme_builder_area=&#187;post_content&#187; use_icon=&#187;on&#187; font_icon=&#187;&#xe074;||divi||400&#8243; icon_color=&#187;#12876F&#187; image_icon_width=&#187;68px&#187; header_text_align=&#187;center&#187; hover_enabled=&#187;0&#8243; sticky_enabled=&#187;0&#8243;][\/et_pb_blurb][\/et_pb_column][et_pb_column _builder_version=&#187;4.17.3&#8243; _module_preset=&#187;default&#187; type=&#187;1_3&#8243; theme_builder_area=&#187;post_content&#187;][et_pb_blurb title=&#187;\u0412 \u0443\u0434\u043e\u0431\u043d\u043e\u0435 \u0434\u043b\u044f \u0432\u0430\u0441 \u0432\u0440\u0435\u043c\u044f&#187; _builder_version=&#187;4.17.3&#8243; _module_preset=&#187;default&#187; theme_builder_area=&#187;post_content&#187; use_icon=&#187;on&#187; font_icon=&#187;&#xf073;||fa||900&#8243; icon_color=&#187;#12876F&#187; image_icon_width=&#187;68px&#187; header_text_align=&#187;center&#187; hover_enabled=&#187;0&#8243; sticky_enabled=&#187;0&#8243;][\/et_pb_blurb][\/et_pb_column][et_pb_column _builder_version=&#187;4.17.3&#8243; _module_preset=&#187;default&#187; type=&#187;1_3&#8243; theme_builder_area=&#187;post_content&#187;][et_pb_blurb title=&#187;\u041f\u0435\u0440\u0432\u044b\u0439 \u0448\u0430\u0433 \u043a \u0440\u0430\u0437\u0432\u0438\u0442\u0438\u044e \u0432 \u0434\u0438\u0434\u0436\u0438\u0442\u0430\u043b&#187; _builder_version=&#187;4.17.3&#8243; _module_preset=&#187;default&#187; theme_builder_area=&#187;post_content&#187; use_icon=&#187;on&#187; font_icon=&#187;&#xe078;||fa||400&#8243; icon_color=&#187;#12876F&#187; image_icon_width=&#187;68px&#187; header_text_align=&#187;center&#187; hover_enabled=&#187;0&#8243; sticky_enabled=&#187;0&#8243;][\/et_pb_blurb][\/et_pb_column][\/et_pb_row][et_pb_row _builder_version=&#187;4.17.3&#8243; _module_preset=&#187;default&#187; theme_builder_area=&#187;post_content&#187;][et_pb_column _builder_version=&#187;4.17.3&#8243; _module_preset=&#187;default&#187; type=&#187;4_4&#8243; theme_builder_area=&#187;post_content&#187;][wpforms_selector _builder_version=&#187;4.17.3&#8243; _module_preset=&#187;default&#187; theme_builder_area=&#187;post_content&#187; form_id=&#187;13535&#8243; hover_enabled=&#187;0&#8243; sticky_enabled=&#187;0&#8243;][\/wpforms_selector][\/et_pb_column][\/et_pb_row][\/et_pb_section]<\/p>\n","protected":false},"excerpt":{"rendered":"<p>\u0417\u0430\u044f\u0432\u043a\u0430 \u043d\u0430 \u0431\u0435\u0441\u043f\u043b\u0430\u0442\u043d\u0443\u044e \u043a\u043e\u043d\u0441\u0443\u043b\u044c\u0442\u0430\u0446\u0438\u044e<div class=\"et_pb_module wpforms_selector wpforms_selector_0\">\n\t\t\t\t\n\t\t\t\t\n\t\t\t\t\n\t\t\t\t\n\t\t\t\t\n\t\t\t\t\n\t\t\t\t<div class=\"et_pb_module_inner\">\n\t\t\t\t\t<div class=\"wpforms-container wpforms-container-full wpforms_form wpf-center\" id=\"wpforms-13535\"><form id=\"wpforms-form-13535\" class=\"wpforms-validate wpforms-form\" data-formid=\"13535\" method=\"post\" enctype=\"multipart\/form-data\" action=\"\/ru\/wp-json\/wp\/v2\/pages\/13005\" data-token=\"1aef084f77303cb825845bc0dc6d2ea9\"><noscript class=\"wpforms-error-noscript\">\u0414\u043b\u044f \u0437\u0430\u043f\u043e\u043b\u043d\u0435\u043d\u0438\u044f \u0434\u0430\u043d\u043d\u043e\u0439 \u0444\u043e\u0440\u043c\u044b \u0432\u043a\u043b\u044e\u0447\u0438\u0442\u0435 JavaScript \u0432 \u0431\u0440\u0430\u0443\u0437\u0435\u0440\u0435.<\/noscript><div class=\"wpforms-field-container\"><div id=\"wpforms-13535-field_0-container\" class=\"wpforms-field wpforms-field-name\" data-field-id=\"0\"><label class=\"wpforms-field-label wpforms-label-hide\" for=\"wpforms-13535-field_0\">V\u0101rds, uzv\u0101rds. <span class=\"wpforms-required-label\">*<\/span><\/label><input type=\"text\" id=\"wpforms-13535-field_0\" class=\"wpforms-field-large wpforms-field-required\" name=\"wpforms[fields][0]\" placeholder=\"\u0418\u043c\u044f \u0438 \u0444\u0430\u043c\u0438\u043b\u0438\u044f\" required><\/div><div id=\"wpforms-13535-field_5-container\" class=\"wpforms-field wpforms-field-phone wpforms-one-half wpforms-first\" data-field-id=\"5\"><label class=\"wpforms-field-label wpforms-label-hide\" for=\"wpforms-13535-field_5\">\u0422\u0435\u043b\u0435\u0444\u043e\u043d<\/label><input type=\"tel\" id=\"wpforms-13535-field_5\" class=\"wpforms-field-large wpforms-smart-phone-field\" data-rule-smart-phone-field=\"true\" name=\"wpforms[fields][5]\" placeholder=\"\u0422\u0435\u043b\u0435\u0444\u043e\u043d\" ><\/div><div id=\"wpforms-13535-field_1-container\" class=\"wpforms-field wpforms-field-email wpforms-one-half\" data-field-id=\"1\"><label class=\"wpforms-field-label wpforms-label-hide\" for=\"wpforms-13535-field_1\">\u042d\u043b. \u043f\u043e\u0447\u0442\u0430 <span class=\"wpforms-required-label\">*<\/span><\/label><input type=\"email\" id=\"wpforms-13535-field_1\" class=\"wpforms-field-large wpforms-field-required\" name=\"wpforms[fields][1]\" placeholder=\"\u042d\u043b. \u043f\u043e\u0447\u0442\u0430\" spellcheck=\"false\" required><\/div><div id=\"wpforms-13535-field_7-container\" class=\"wpforms-field wpforms-field-text\" data-field-id=\"7\"><label class=\"wpforms-field-label\" for=\"wpforms-13535-field_7\">\u041a\u043e\u043c\u043f\u0430\u043d\u0438\u044f\/ \u041f\u0440\u043e\u0435\u043a\u0442\/ \u0421\u0444\u0435\u0440\u0430 \u0434\u0435\u044f\u0442\u0435\u043b\u044c\u043d\u043e\u0441\u0442\u0438 <span class=\"wpforms-required-label\">*<\/span><\/label><input type=\"text\" id=\"wpforms-13535-field_7\" class=\"wpforms-field-medium wpforms-field-required\" name=\"wpforms[fields][7]\" required><\/div><div id=\"wpforms-13535-field_6-container\" class=\"wpforms-field wpforms-field-checkbox\" data-field-id=\"6\"><label class=\"wpforms-field-label\" for=\"wpforms-13535-field_6\">\u041d\u0430\u0436\u0438\u043c\u0430\u044f \u043d\u0430 \u043a\u043d\u043e\u043f\u043a\u0443 &quot;\u0437\u0430\u0440\u0435\u0433\u0438\u0441\u0442\u0440\u0438\u0440\u043e\u0432\u0430\u0442\u044c\u0441\u044f&quot;, <span class=\"wpforms-required-label\">*<\/span><\/label><ul id=\"wpforms-13535-field_6\" class=\"wpforms-field-required\"><li class=\"choice-1 depth-1\"><input type=\"checkbox\" id=\"wpforms-13535-field_6_1\" name=\"wpforms[fields][6][]\" value=\"\u044f \u0434\u0430\u044e \u0441\u0432\u043e\u0435 \u0441\u043e\u0433\u043b\u0430\u0441\u0438\u0435 \u043d\u0430 \u043e\u0431\u0440\u0430\u0431\u043e\u0442\u043a\u0443 \u043f\u0435\u0440\u0441\u043e\u043d\u0430\u043b\u044c\u043d\u044b\u0445 \u0434\u0430\u043d\u043d\u044b\u0445 \u0438 \u0441\u043e\u0433\u043b\u0430\u0448\u0430\u044e\u0441\u044c c \u043f\u043e\u043b\u0438\u0442\u0438\u043a\u043e\u0439 \u043a\u043e\u043d\u0444\u0438\u0434\u0435\u043d\u0446\u0438\u0430\u043b\u044c\u043d\u043e\u0441\u0442\u0438\" required ><label class=\"wpforms-field-label-inline\" for=\"wpforms-13535-field_6_1\">\u044f \u0434\u0430\u044e \u0441\u0432\u043e\u0435 \u0441\u043e\u0433\u043b\u0430\u0441\u0438\u0435 \u043d\u0430 \u043e\u0431\u0440\u0430\u0431\u043e\u0442\u043a\u0443 \u043f\u0435\u0440\u0441\u043e\u043d\u0430\u043b\u044c\u043d\u044b\u0445 \u0434\u0430\u043d\u043d\u044b\u0445 \u0438 \u0441\u043e\u0433\u043b\u0430\u0448\u0430\u044e\u0441\u044c c \u043f\u043e\u043b\u0438\u0442\u0438\u043a\u043e\u0439 \u043a\u043e\u043d\u0444\u0438\u0434\u0435\u043d\u0446\u0438\u0430\u043b\u044c\u043d\u043e\u0441\u0442\u0438<\/label><\/li><\/ul><\/div><\/div><!-- .wpforms-field-container --><div class=\"wpforms-field wpforms-field-hp\"><label for=\"wpforms-13535-field-hp\" class=\"wpforms-field-label\">Email<\/label><input type=\"text\" name=\"wpforms[hp]\" id=\"wpforms-13535-field-hp\" class=\"wpforms-field-medium\"><\/div><div class=\"wpforms-recaptcha-container wpforms-is-recaptcha\" ><div class=\"g-recaptcha\" data-sitekey=\"6LfkTlgsAAAAAP8b1F9EZ_0Ez_nzLiTlm1Sc9SGy\"><\/div><input type=\"text\" name=\"g-recaptcha-hidden\" class=\"wpforms-recaptcha-hidden\" style=\"position:absolute!important;clip:rect(0,0,0,0)!important;height:1px!important;width:1px!important;border:0!important;overflow:hidden!important;padding:0!important;margin:0!important;\" data-rule-recaptcha=\"1\"><\/div><div class=\"wpforms-submit-container\" ><input type=\"hidden\" name=\"wpforms[id]\" value=\"13535\"><input type=\"hidden\" name=\"wpforms[author]\" value=\"6\"><button type=\"submit\" name=\"wpforms[submit]\" id=\"wpforms-submit-13535\" class=\"wpforms-submit wpforms_button\" data-alt-text=\"J\u016bsu pieteikums ir pie\u0146emts! M\u0113s sazin\u0101simies ar jums pa e-pastu.\" data-submit-text=\"\u0417\u0430\u0440\u0435\u0433\u0438\u0441\u0442\u0440\u0438\u0440\u043e\u0432\u0430\u0442\u044c\u0441\u044f!\" aria-live=\"assertive\" value=\"wpforms-submit\">\u0417\u0430\u0440\u0435\u0433\u0438\u0441\u0442\u0440\u0438\u0440\u043e\u0432\u0430\u0442\u044c\u0441\u044f!<\/button><\/div><\/form><\/div>  <!-- .wpforms-container -->\n\t\t\t\t<\/div>\n\t\t\t<\/div><\/p>\n","protected":false},"author":6,"featured_media":0,"parent":0,"menu_order":0,"comment_status":"closed","ping_status":"closed","template":"","meta":{"_et_pb_use_builder":"on","_et_pb_old_content":"","_et_gb_content_width":"","om_disable_all_campaigns":false,"_monsterinsights_skip_tracking":false,"_monsterinsights_sitenote_active":false,"_monsterinsights_sitenote_note":"","_monsterinsights_sitenote_category":0,"footnotes":""},"class_list":["post-13005","page","type-page","status-publish","hentry"],"_links":{"self":[{"href":"https:\/\/most-education.lv\/ru\/wp-json\/wp\/v2\/pages\/13005","targetHints":{"allow":["GET"]}}],"collection":[{"href":"https:\/\/most-education.lv\/ru\/wp-json\/wp\/v2\/pages"}],"about":[{"href":"https:\/\/most-education.lv\/ru\/wp-json\/wp\/v2\/types\/page"}],"author":[{"embeddable":true,"href":"https:\/\/most-education.lv\/ru\/wp-json\/wp\/v2\/users\/6"}],"replies":[{"embeddable":true,"href":"https:\/\/most-education.lv\/ru\/wp-json\/wp\/v2\/comments?post=13005"}],"version-history":[{"count":9,"href":"https:\/\/most-education.lv\/ru\/wp-json\/wp\/v2\/pages\/13005\/revisions"}],"predecessor-version":[{"id":13595,"href":"https:\/\/most-education.lv\/ru\/wp-json\/wp\/v2\/pages\/13005\/revisions\/13595"}],"wp:attachment":[{"href":"https:\/\/most-education.lv\/ru\/wp-json\/wp\/v2\/media?parent=13005"}],"curies":[{"name":"wp","href":"https:\/\/api.w.org\/{rel}","templated":true}]}}