{"id":16447,"date":"2025-12-24T09:40:45","date_gmt":"2025-12-24T09:40:45","guid":{"rendered":"https:\/\/most-education.lv\/?page_id=16447"},"modified":"2026-03-27T14:06:10","modified_gmt":"2026-03-27T14:06:10","slug":"kontakti","status":"publish","type":"page","link":"https:\/\/most-education.lv\/ru\/kontakti\/","title":{"rendered":"kontakti"},"content":{"rendered":"<p>[et_pb_section fb_built=&#187;1&#8243; custom_padding_last_edited=&#187;on|phone&#187; _builder_version=&#187;4.27.4&#8243; _module_preset=&#187;default&#187; background_image=&#187;https:\/\/most-education.lv\/wp-content\/uploads\/2025\/09\/Black-and-White-Minimalist-Creative-Brief-Presentation-1.png&#187; custom_margin=&#187;20px|8px||20px|false|false&#187; custom_margin_tablet=&#187;0px||-17px||false|false&#187; custom_margin_phone=&#187;0px||-17px||false|false&#187; custom_margin_last_edited=&#187;on|phone&#187; custom_padding=&#187;11vw||11vw||true|false&#187; custom_padding_tablet=&#187;8vw||5vw||false|false&#187; custom_padding_phone=&#187;12vw||14vw||false|false&#187; border_radii=&#187;on|10px|10px|10px|10px&#187; locked=&#187;off&#187; global_colors_info=&#187;{}&#187;][et_pb_row _builder_version=&#187;4.27.0&#8243; _module_preset=&#187;default&#187; locked=&#187;off&#187; global_colors_info=&#187;{}&#187;][et_pb_column type=&#187;4_4&#8243; _builder_version=&#187;4.27.0&#8243; _module_preset=&#187;default&#187; global_colors_info=&#187;{}&#187;][et_pb_text _builder_version=&#187;4.27.4&#8243; _module_preset=&#187;default&#187; text_font=&#187;Poppins|600|||||||&#187; text_text_color=&#187;#FFFFFF&#187; header_font=&#187;&#8212;et_global_heading_font|700|||||||&#187; header_text_align=&#187;center&#187; header_text_color=&#187;#FFFFFF&#187; header_font_size=&#187;50px&#187; header_line_height=&#187;1.2em&#187; header_2_font=&#187;Poppins||||||||&#187; header_2_font_size=&#187;40px&#187; width=&#187;100%&#187; animation_direction=&#187;bottom&#187; header_text_align_tablet=&#187;center&#187; header_text_align_phone=&#187;center&#187; header_text_align_last_edited=&#187;on|phone&#187; header_text_color_tablet=&#187;&#187; header_text_color_phone=&#187;&#187; header_text_color_last_edited=&#187;on|phone&#187; header_font_size_tablet=&#187;42px&#187; header_font_size_phone=&#187;26px&#187; header_font_size_last_edited=&#187;on|tablet&#187; header_2_font_size_tablet=&#187;43px&#187; header_2_font_size_phone=&#187;30px&#187; header_2_font_size_last_edited=&#187;on|phone&#187; header_text_shadow_style=&#187;preset1&#8243; locked=&#187;off&#187; global_colors_info=&#187;{}&#187;]<\/p>\n<h1 style=\"text-align: center;\">\u041d\u0430\u0448\u0438 \u043a\u043e\u043d\u0442\u0430\u043a\u0442\u044b<\/h1>\n<p>[\/et_pb_text][\/et_pb_column][\/et_pb_row][\/et_pb_section][et_pb_section fb_built=&#187;1&#8243; admin_label=&#187;Contact Info&#187; _builder_version=&#187;4.16&#8243; min_height=&#187;1500.4px&#187; custom_padding=&#187;29px||0px||false|false&#187; locked=&#187;off&#187; global_colors_info=&#187;{}&#187;][et_pb_row _builder_version=&#187;4.16&#8243; custom_width_px=&#187;710px&#187; global_colors_info=&#187;{}&#187;][et_pb_column type=&#187;4_4&#8243; _builder_version=&#187;4.16&#8243; background_position=&#187;top_left&#187; custom_padding=&#187;|||&#187; global_colors_info=&#187;{}&#187; custom_padding__hover=&#187;|||&#187;][et_pb_divider color=&#187;#00a144&#8243; divider_weight=&#187;3px&#187; disabled_on=&#187;off|off|off&#187; _builder_version=&#187;4.27.0&#8243; background_color_gradient_direction=&#187;90deg&#187; max_width=&#187;100px&#187; module_alignment=&#187;center&#187; height=&#187;5px&#187; custom_margin=&#187;||20px|&#187; custom_padding=&#187;||20px|&#187; animation_direction=&#187;bottom&#187; saved_tabs=&#187;all&#187; locked=&#187;off&#187; global_colors_info=&#187;{}&#187;][\/et_pb_divider][et_pb_text admin_label=&#187;Contact Section Title&#187; _builder_version=&#187;4.27.4&#8243; text_font=&#187;Poppins||||||||&#187; header_font=&#187;&#8212;et_global_heading_font||||||||&#187; header_text_color=&#187;#1f1f1f&#187; header_font_size=&#187;40px&#187; text_orientation=&#187;center&#187; max_width=&#187;710px&#187; module_alignment=&#187;center&#187; animation_direction=&#187;bottom&#187; global_colors_info=&#187;{}&#187;]<\/p>\n<h1>\u0421\u0432\u044f\u0437\u0430\u0442\u044c\u0441\u044f \u0441\u043e \u0448\u043a\u043e\u043b\u043e\u0439<\/h1>\n<p>[\/et_pb_text][\/et_pb_column][\/et_pb_row][et_pb_row _builder_version=&#187;4.16&#8243; custom_width_px=&#187;710px&#187; global_colors_info=&#187;{}&#187;][et_pb_column type=&#187;4_4&#8243; _builder_version=&#187;4.16&#8243; background_position=&#187;top_left&#187; custom_padding=&#187;|||&#187; global_colors_info=&#187;{}&#187; custom_padding__hover=&#187;|||&#187;][et_pb_divider color=&#187;#00a144&#8243; divider_weight=&#187;3px&#187; disabled_on=&#187;off|off|off&#187; _builder_version=&#187;4.27.0&#8243; background_color_gradient_direction=&#187;90deg&#187; max_width=&#187;100px&#187; module_alignment=&#187;center&#187; height=&#187;5px&#187; custom_margin=&#187;||20px|&#187; custom_padding=&#187;||20px|&#187; animation_direction=&#187;bottom&#187; saved_tabs=&#187;all&#187; locked=&#187;off&#187; global_colors_info=&#187;{}&#187;][\/et_pb_divider][\/et_pb_column][\/et_pb_row][et_pb_row column_structure=&#187;1_2,1_2&#8243; _builder_version=&#187;4.27.4&#8243; background_size=&#187;initial&#187; background_position=&#187;top_left&#187; background_repeat=&#187;repeat&#187; custom_padding=&#187;0px||0px||false|false&#187; animation_style=&#187;fade&#187; locked=&#187;off&#187; global_colors_info=&#187;{}&#187;][et_pb_column type=&#187;1_2&#8243; _builder_version=&#187;4.16&#8243; background_position=&#187;top_left&#187; custom_padding=&#187;|||&#187; global_colors_info=&#187;{}&#187; custom_padding__hover=&#187;|||&#187;][et_pb_blurb title=&#187;\u0415\u043b\u0435\u043d\u0430 \u041c\u0430\u043a\u0441\u0438\u043c\u0435\u043d\u043a\u043e&#187; image=&#187;https:\/\/most-education.lv\/wp-content\/uploads\/2025\/12\/nnnnn.png&#187; content_max_width=&#187;434px&#187; image_icon_width_last_edited=&#187;off|desktop&#187; admin_label=&#187;Address&#187; _builder_version=&#187;4.27.4&#8243; header_font=&#187;Roboto||||||||&#187; header_text_color=&#187;#1f1f1f&#187; header_font_size=&#187;28px&#187; header_line_height=&#187;1.8em&#187; body_font=&#187;Roboto||||||||&#187; body_text_color=&#187;#116A39&#8243; body_font_size=&#187;22px&#187; body_line_height=&#187;1.9em&#187; transform_scale=&#187;76%|76%&#187; text_orientation=&#187;center&#187; custom_margin=&#187;-84px|||||&#187; custom_padding=&#187;30px|30px|30px|30px&#187; animation_direction=&#187;bottom&#187; animation=&#187;off&#187; border_width_all=&#187;0px&#187; border_color_all=&#187;#e0e0e0&#8243; border_style_all=&#187;solid&#187; use_border_color=&#187;on&#187; border_color=&#187;#e0e0e0&#8243; icon_font_size_last_edited=&#187;off|desktop&#187; locked=&#187;off&#187; global_colors_info=&#187;{}&#187;]<\/p>\n<p>\u0414\u0438\u0440\u0435\u043a\u0442\u043e\u0440 \u0448\u043a\u043e\u043b\u044b \u0431\u0438\u0437\u043d\u0435\u0441\u0430 MOST<\/p>\n<p><a href=\"tel:+37120003463\">+371<span class=\"a_GcMg font-feature-liga-off font-feature-clig-off font-feature-calt-off text-decoration-none text-strikethrough-none\">2975038<\/span><\/a><\/p>\n<p><a href=\"mailto:info@most-education.lv\">info@most-education.lv<\/a><\/p>\n<p>[\/et_pb_blurb][\/et_pb_column][et_pb_column type=&#187;1_2&#8243; _builder_version=&#187;4.16&#8243; background_position=&#187;top_left&#187; custom_padding=&#187;|||&#187; global_colors_info=&#187;{}&#187; custom_padding__hover=&#187;|||&#187;][et_pb_blurb title=&#187;Karol\u012bne Kie\u0146a&#187; image=&#187;https:\/\/most-education.lv\/wp-content\/uploads\/2025\/12\/unnamed-file.png&#187; image_icon_width_last_edited=&#187;off|desktop&#187; admin_label=&#187;Address&#187; _builder_version=&#187;4.27.4&#8243; header_font=&#187;Roboto||||||||&#187; header_text_color=&#187;#1f1f1f&#187; header_font_size=&#187;28px&#187; header_line_height=&#187;1.8em&#187; body_font=&#187;Roboto||||||||&#187; body_text_color=&#187;#116A39&#8243; body_font_size=&#187;22px&#187; body_line_height=&#187;1.9em&#187; transform_scale=&#187;76%|76%&#187; text_orientation=&#187;center&#187; custom_margin=&#187;-82px|||||&#187; custom_padding=&#187;30px|30px|30px|30px&#187; animation_direction=&#187;bottom&#187; animation=&#187;off&#187; border_width_all=&#187;0px&#187; border_color_all=&#187;#e0e0e0&#8243; border_style_all=&#187;solid&#187; use_border_color=&#187;on&#187; border_color=&#187;#e0e0e0&#8243; icon_font_size_last_edited=&#187;off|desktop&#187; locked=&#187;off&#187; global_colors_info=&#187;{}&#187;]<\/p>\n<p>\u0410\u0434\u043c\u0438\u043d\u0438\u0441\u0442\u0440\u0430\u0442\u043e\u0440 \u0448\u043a\u043e\u043b\u044b \u0431\u0438\u0437\u043d\u0435\u0441\u0430 MOST<\/p>\n<p><strong><span style=\"color: #000000;\"><a href=\"tel:+37120260785\">+37120003463<\/a><\/span><\/strong><\/p>\n<p><a href=\"mailto:office@most-education.lv\"><strong><span style=\"color: #000000;\">office@most-education.lv<\/span><\/strong><\/a><\/p>\n<p>[\/et_pb_blurb][\/et_pb_column][\/et_pb_row][et_pb_row _builder_version=&#187;4.27.4&#8243; _module_preset=&#187;default&#187; global_colors_info=&#187;{}&#187;][et_pb_column type=&#187;4_4&#8243; _builder_version=&#187;4.27.4&#8243; _module_preset=&#187;default&#187; global_colors_info=&#187;{}&#187;][et_pb_text admin_label=&#187;Contact Section Subtitle&#187; _builder_version=&#187;4.27.4&#8243; text_font=&#187;&#8212;et_global_body_font|300|||||||&#187; text_text_color=&#187;#000000&#8243; text_font_size=&#187;18px&#187; text_line_height=&#187;1.9em&#187; text_orientation=&#187;center&#187; max_width=&#187;710px&#187; module_alignment=&#187;center&#187; animation_direction=&#187;bottom&#187; global_colors_info=&#187;{}&#187;]<\/p>\n<p><strong data-start=\"779\" data-end=\"831\">\u041d\u0430\u0448\u0430 \u043a\u043e\u043c\u0430\u043d\u0434\u0430 \u0441 \u0440\u0430\u0434\u043e\u0441\u0442\u044c\u044e \u043e\u0442\u0432\u0435\u0442\u0438\u0442 \u043d\u0430 \u0432\u0430\u0448\u0438 \u0432\u043e\u043f\u0440\u043e\u0441\u044b.<\/strong><br data-start=\"831\" data-end=\"834\" \/>\u0421\u0432\u044f\u0436\u0438\u0442\u0435\u0441\u044c \u0441 \u043d\u0430\u043c\u0438 \u0443\u0434\u043e\u0431\u043d\u044b\u043c \u0434\u043b\u044f \u0432\u0430\u0441 \u0441\u043f\u043e\u0441\u043e\u0431\u043e\u043c \u0438\u043b\u0438 \u043d\u0430\u043f\u0438\u0448\u0438\u0442\u0435 \u0432 \u0441\u043e\u0446\u0441\u0435\u0442\u044f\u0445.<\/p>\n<p>[\/et_pb_text][et_pb_social_media_follow follow_button=&#187;on&#187; icon_color_tablet=&#187;&#187; icon_color_phone=&#187;&#187; icon_color_last_edited=&#187;on|phone&#187; _builder_version=&#187;4.27.4&#8243; text_orientation=&#187;center&#187; global_colors_info=&#187;{}&#187;][et_pb_social_media_follow_network social_network=&#187;facebook&#187; url=&#187;https:\/\/www.facebook.com\/most.business.latvia\/?ref=bookmarks&#187; _builder_version=&#187;4.27.0&#8243; background_color=&#187;#3b5998&#8243; global_colors_info=&#187;{}&#187; follow_button=&#187;on&#187; url_new_window=&#187;on&#187;]facebook[\/et_pb_social_media_follow_network][et_pb_social_media_follow_network social_network=&#187;instagram&#187; url=&#187;https:\/\/www.instagram.com\/most_latvia&#187; _builder_version=&#187;4.27.0&#8243; background_color=&#187;#ea2c59&#8243; global_colors_info=&#187;{}&#187; follow_button=&#187;on&#187; url_new_window=&#187;on&#187;]instagram[\/et_pb_social_media_follow_network][\/et_pb_social_media_follow][et_pb_text _builder_version=&#187;4.27.0&#8243; text_font=&#187;Poppins||||||||&#187; text_text_color=&#187;#000000&#8243; text_font_size=&#187;16px&#187; custom_padding=&#187;61px|||||&#187; global_colors_info=&#187;{}&#187;]<\/p>\n<div class=\"m_-6094064845751878592desk--block\">\n<div class=\"m_-6094064845751878592desk--address-ln\" style=\"text-align: center;\"><span style=\"font-size: 16px; color: #1c1d1e;\">Mer\u0137e\u013ca iela 21<\/span><\/div>\n<div class=\"m_-6094064845751878592desk--address-ln\" style=\"text-align: center;\"><span style=\"font-size: 16px;\">LV-1050, R\u012bga<\/span><\/div>\n<div class=\"m_-6094064845751878592desk--address-ln\" style=\"text-align: center;\"><\/div>\n<div class=\"m_-6094064845751878592desk--address-ln\" style=\"text-align: center;\">Latvia<\/div>\n<\/div>\n<p>[\/et_pb_text][\/et_pb_column][\/et_pb_row][\/et_pb_section][et_pb_section fb_built=&#187;1&#8243; admin_label=&#187;Contact&#187; _builder_version=&#187;4.27.0&#8243; background_color=&#187;#F1F1F1&#8243; global_colors_info=&#187;{}&#187;][et_pb_row _builder_version=&#187;4.16&#8243; custom_padding=&#187;0|0px|27px|0px|false|false&#187; custom_width_px=&#187;710px&#187; locked=&#187;off&#187; global_colors_info=&#187;{}&#187;][et_pb_column type=&#187;4_4&#8243; _builder_version=&#187;4.16&#8243; background_position=&#187;top_left&#187; custom_padding=&#187;|||&#187; global_colors_info=&#187;{}&#187; custom_padding__hover=&#187;|||&#187;][et_pb_divider color=&#187;#00a144&#8243; divider_weight=&#187;3px&#187; disabled_on=&#187;off|off|off&#187; _builder_version=&#187;4.27.0&#8243; background_color_gradient_direction=&#187;90deg&#187; max_width=&#187;100px&#187; module_alignment=&#187;center&#187; height=&#187;5px&#187; custom_margin=&#187;||20px|&#187; custom_padding=&#187;||20px|&#187; animation_direction=&#187;bottom&#187; saved_tabs=&#187;all&#187; locked=&#187;off&#187; global_colors_info=&#187;{}&#187;][\/et_pb_divider][et_pb_text admin_label=&#187;Contact Section Title&#187; _builder_version=&#187;4.27.4&#8243; header_font=&#187;Poppins||||||||&#187; header_text_color=&#187;#1f1f1f&#187; header_font_size=&#187;36px&#187; text_orientation=&#187;center&#187; max_width=&#187;710px&#187; module_alignment=&#187;center&#187; animation_direction=&#187;bottom&#187; global_colors_info=&#187;{}&#187;]<\/p>\n<h1>\u0412\u0430\u0448\u0438 \u043f\u0440\u0435\u0434\u043b\u043e\u0436\u0435\u043d\u0438\u044f<\/h1>\n<p>[\/et_pb_text][et_pb_text admin_label=&#187;Contact Section Subtitle&#187; _builder_version=&#187;4.27.4&#8243; text_font=&#187;Poppins||||||||&#187; text_font_size=&#187;16px&#187; text_line_height=&#187;1.9em&#187; text_orientation=&#187;center&#187; max_width=&#187;710px&#187; module_alignment=&#187;center&#187; animation_direction=&#187;bottom&#187; global_colors_info=&#187;{}&#187;]<\/p>\n<p class=\"p-ff-contacts__p p-ff-contacts__margtop-12 p-ff-contacts__margbot-18\">\u041c\u044b \u0431\u0443\u0434\u0435\u043c \u043e\u0447\u0435\u043d\u044c \u0440\u0430\u0434\u044b \u043f\u043e\u043b\u0443\u0447\u0438\u0442\u044c \u0432\u0430\u0448\u0438 \u043f\u0438\u0441\u044c\u043c\u0430, \u043f\u0438\u0448\u0438\u0442\u0435 \u043b\u044e\u0431\u044b\u0435 \u0438\u0434\u0435\u0438:<\/p>\n<p>[\/et_pb_text][\/et_pb_column][\/et_pb_row][et_pb_row _builder_version=&#187;4.27.0&#8243; max_width=&#187;900px&#187; use_custom_width=&#187;on&#187; custom_width_px=&#187;900px&#187; global_colors_info=&#187;{}&#187;][et_pb_column type=&#187;4_4&#8243; _builder_version=&#187;4.16&#8243; custom_padding=&#187;|||&#187; global_colors_info=&#187;{}&#187; custom_padding__hover=&#187;|||&#187;][wpforms_selector form_id=&#187;16858&#8243; _builder_version=&#187;4.27.4&#8243; _module_preset=&#187;default&#187; global_colors_info=&#187;{}&#187;][\/wpforms_selector][\/et_pb_column][\/et_pb_row][\/et_pb_section]<\/p>\n","protected":false},"excerpt":{"rendered":"<p>\u041d\u0430\u0448\u0438 \u043a\u043e\u043d\u0442\u0430\u043a\u0442\u044b\u0421\u0432\u044f\u0437\u0430\u0442\u044c\u0441\u044f \u0441\u043e \u0448\u043a\u043e\u043b\u043e\u0439\u0414\u0438\u0440\u0435\u043a\u0442\u043e\u0440 \u0448\u043a\u043e\u043b\u044b \u0431\u0438\u0437\u043d\u0435\u0441\u0430 MOST +3712975038 info@most-education.lv\u0410\u0434\u043c\u0438\u043d\u0438\u0441\u0442\u0440\u0430\u0442\u043e\u0440 \u0448\u043a\u043e\u043b\u044b \u0431\u0438\u0437\u043d\u0435\u0441\u0430 MOST +37120003463 office@most-education.lv\u041d\u0430\u0448\u0430 \u043a\u043e\u043c\u0430\u043d\u0434\u0430 \u0441 \u0440\u0430\u0434\u043e\u0441\u0442\u044c\u044e \u043e\u0442\u0432\u0435\u0442\u0438\u0442 \u043d\u0430 \u0432\u0430\u0448\u0438 \u0432\u043e\u043f\u0440\u043e\u0441\u044b.\u0421\u0432\u044f\u0436\u0438\u0442\u0435\u0441\u044c \u0441 \u043d\u0430\u043c\u0438 \u0443\u0434\u043e\u0431\u043d\u044b\u043c \u0434\u043b\u044f \u0432\u0430\u0441 \u0441\u043f\u043e\u0441\u043e\u0431\u043e\u043c \u0438\u043b\u0438 \u043d\u0430\u043f\u0438\u0448\u0438\u0442\u0435 \u0432 \u0441\u043e\u0446\u0441\u0435\u0442\u044f\u0445. Mer\u0137e\u013ca iela 21 LV-1050, R\u012bga Latvia \u0412\u0430\u0448\u0438 \u043f\u0440\u0435\u0434\u043b\u043e\u0436\u0435\u043d\u0438\u044f\u041c\u044b \u0431\u0443\u0434\u0435\u043c \u043e\u0447\u0435\u043d\u044c \u0440\u0430\u0434\u044b \u043f\u043e\u043b\u0443\u0447\u0438\u0442\u044c \u0432\u0430\u0448\u0438 \u043f\u0438\u0441\u044c\u043c\u0430, \u043f\u0438\u0448\u0438\u0442\u0435 \u043b\u044e\u0431\u044b\u0435 \u0438\u0434\u0435\u0438:<div class=\"et_pb_module wpforms_selector wpforms_selector_0\">\n\t\t\t\t\n\t\t\t\t\n\t\t\t\t\n\t\t\t\t\n\t\t\t\t\n\t\t\t\t\n\t\t\t\t<div class=\"et_pb_module_inner\">\n\t\t\t\t\t<div class=\"wpforms-container wpforms-container-full wpforms_form wpf-center\" id=\"wpforms-16858\"><form id=\"wpforms-form-16858\" class=\"wpforms-validate wpforms-form\" data-formid=\"16858\" method=\"post\" enctype=\"multipart\/form-data\" action=\"\/ru\/wp-json\/wp\/v2\/pages\/16447\" data-token=\"757dd63bce816023de97aeed401392d7\"><noscript class=\"wpforms-error-noscript\">\u0414\u043b\u044f \u0437\u0430\u043f\u043e\u043b\u043d\u0435\u043d\u0438\u044f \u0434\u0430\u043d\u043d\u043e\u0439 \u0444\u043e\u0440\u043c\u044b \u0432\u043a\u043b\u044e\u0447\u0438\u0442\u0435 JavaScript \u0432 \u0431\u0440\u0430\u0443\u0437\u0435\u0440\u0435.<\/noscript><div class=\"wpforms-field-container\"><div id=\"wpforms-16858-field_0-container\" class=\"wpforms-field wpforms-field-name\" data-field-id=\"0\"><label class=\"wpforms-field-label\" for=\"wpforms-16858-field_0\">\u0418\u043c\u044f, \u0424\u0430\u043c\u0438\u043b\u0438\u044f <span class=\"wpforms-required-label\">*<\/span><\/label><input type=\"text\" id=\"wpforms-16858-field_0\" class=\"wpforms-field-large wpforms-field-required\" name=\"wpforms[fields][0]\" required><\/div><div id=\"wpforms-16858-field_5-container\" class=\"wpforms-field wpforms-field-phone wpforms-one-half wpforms-first\" data-field-id=\"5\"><label class=\"wpforms-field-label\" for=\"wpforms-16858-field_5\">\u0422\u0435\u043b\u0435\u0444\u043e\u043d <span class=\"wpforms-required-label\">*<\/span><\/label><input type=\"tel\" id=\"wpforms-16858-field_5\" class=\"wpforms-field-large wpforms-field-required wpforms-smart-phone-field\" data-rule-smart-phone-field=\"true\" name=\"wpforms[fields][5]\" required><\/div><div id=\"wpforms-16858-field_1-container\" class=\"wpforms-field wpforms-field-email wpforms-one-half\" data-field-id=\"1\"><label class=\"wpforms-field-label\" for=\"wpforms-16858-field_1\">\u042d\u043b. \u043f\u043e\u0447\u0442\u0430 <span class=\"wpforms-required-label\">*<\/span><\/label><input type=\"email\" id=\"wpforms-16858-field_1\" class=\"wpforms-field-large wpforms-field-required\" name=\"wpforms[fields][1]\" spellcheck=\"false\" required><\/div><div id=\"wpforms-16858-field_8-container\" class=\"wpforms-field wpforms-field-textarea\" data-field-id=\"8\"><label class=\"wpforms-field-label\" for=\"wpforms-16858-field_8\">\u0412\u0430\u0448\u0438 \u043f\u0440\u0435\u0434\u043b\u043e\u0436\u0435\u043d\u0438\u044f <span class=\"wpforms-required-label\">*<\/span><\/label><textarea id=\"wpforms-16858-field_8\" class=\"wpforms-field-medium wpforms-field-required\" name=\"wpforms[fields][8]\" required><\/textarea><\/div><div id=\"wpforms-16858-field_6-container\" class=\"wpforms-field wpforms-field-checkbox\" data-field-id=\"6\"><label class=\"wpforms-field-label\" for=\"wpforms-16858-field_6\">\u041d\u0430\u0436\u0438\u043c\u0430\u044f \u043d\u0430 \u043a\u043d\u043e\u043f\u043a\u0443 &quot;\u041e\u0442\u043f\u0440\u0430\u0432\u0438\u0442\u044c&quot;, <span class=\"wpforms-required-label\">*<\/span><\/label><ul id=\"wpforms-16858-field_6\" class=\"wpforms-field-required\"><li class=\"choice-1 depth-1\"><input type=\"checkbox\" id=\"wpforms-16858-field_6_1\" name=\"wpforms[fields][6][]\" value=\"\u044f \u0434\u0430\u044e \u0441\u043e\u0433\u043b\u0430\u0441\u0438\u0435 \u043d\u0430 \u043e\u0431\u0440\u0430\u0431\u043e\u0442\u043a\u0443 \u043c\u043e\u0438\u0445 \u043f\u0435\u0440\u0441\u043e\u043d\u0430\u043b\u044c\u043d\u044b\u0445 \u0434\u0430\u043d\u043d\u044b\u0445 \u0438 \u0441\u043e\u0433\u043b\u0430\u0448\u0430\u044e\u0441\u044c \u0441 \u043f\u043e\u043b\u0438\u0442\u0438\u043a\u043e\u0439 \u043a\u043e\u043d\u0444\u0438\u0434\u0435\u043d\u0446\u0438\u0430\u043b\u044c\u043d\u043e\u0441\u0442\u0438.\" required ><label class=\"wpforms-field-label-inline\" for=\"wpforms-16858-field_6_1\">\u044f \u0434\u0430\u044e \u0441\u043e\u0433\u043b\u0430\u0441\u0438\u0435 \u043d\u0430 \u043e\u0431\u0440\u0430\u0431\u043e\u0442\u043a\u0443 \u043c\u043e\u0438\u0445 \u043f\u0435\u0440\u0441\u043e\u043d\u0430\u043b\u044c\u043d\u044b\u0445 \u0434\u0430\u043d\u043d\u044b\u0445 \u0438 \u0441\u043e\u0433\u043b\u0430\u0448\u0430\u044e\u0441\u044c \u0441 \u043f\u043e\u043b\u0438\u0442\u0438\u043a\u043e\u0439 \u043a\u043e\u043d\u0444\u0438\u0434\u0435\u043d\u0446\u0438\u0430\u043b\u044c\u043d\u043e\u0441\u0442\u0438.<\/label><\/li><\/ul><\/div><\/div><!-- .wpforms-field-container --><div class=\"wpforms-field wpforms-field-hp\"><label for=\"wpforms-16858-field-hp\" class=\"wpforms-field-label\">Comment<\/label><input type=\"text\" name=\"wpforms[hp]\" id=\"wpforms-16858-field-hp\" class=\"wpforms-field-medium\"><\/div><div class=\"wpforms-recaptcha-container wpforms-is-recaptcha\" ><div class=\"g-recaptcha\" data-sitekey=\"6LfkTlgsAAAAAP8b1F9EZ_0Ez_nzLiTlm1Sc9SGy\"><\/div><input type=\"text\" name=\"g-recaptcha-hidden\" class=\"wpforms-recaptcha-hidden\" style=\"position:absolute!important;clip:rect(0,0,0,0)!important;height:1px!important;width:1px!important;border:0!important;overflow:hidden!important;padding:0!important;margin:0!important;\" data-rule-recaptcha=\"1\"><\/div><div class=\"wpforms-submit-container\" ><input type=\"hidden\" name=\"wpforms[id]\" value=\"16858\"><input type=\"hidden\" name=\"wpforms[author]\" value=\"10\"><button type=\"submit\" name=\"wpforms[submit]\" id=\"wpforms-submit-16858\" class=\"wpforms-submit wpforms_button\" data-alt-text=\"\u0412\u0430\u0448\u0430 \u0437\u0430\u044f\u0432\u043a\u0430 \u043f\u0440\u0438\u043d\u044f\u0442\u0430! \u041c\u044b \u0441 \u0432\u0430\u043c\u0438 \u0441\u0432\u044f\u0436\u0435\u043c\u0441\u044f \u0432 \u0442\u0435\u0447\u0435\u043d\u0438\u0435 24 \u0447\u0430\u0441\u043e\u0432.\" data-submit-text=\"\u041e\u0442\u043f\u0440\u0430\u0432\u0438\u0442\u044c\" aria-live=\"assertive\" value=\"wpforms-submit\">\u041e\u0442\u043f\u0440\u0430\u0432\u0438\u0442\u044c<\/button><\/div><\/form><\/div>  <!-- .wpforms-container -->\n\t\t\t\t<\/div>\n\t\t\t<\/div><\/p>\n","protected":false},"author":10,"featured_media":0,"parent":0,"menu_order":0,"comment_status":"closed","ping_status":"closed","template":"","meta":{"_et_pb_use_builder":"on","_et_pb_old_content":"<!-- wp:divi\/placeholder \/-->","_et_gb_content_width":"","om_disable_all_campaigns":false,"_monsterinsights_skip_tracking":false,"_monsterinsights_sitenote_active":false,"_monsterinsights_sitenote_note":"","_monsterinsights_sitenote_category":0,"footnotes":""},"class_list":["post-16447","page","type-page","status-publish","hentry"],"_links":{"self":[{"href":"https:\/\/most-education.lv\/ru\/wp-json\/wp\/v2\/pages\/16447","targetHints":{"allow":["GET"]}}],"collection":[{"href":"https:\/\/most-education.lv\/ru\/wp-json\/wp\/v2\/pages"}],"about":[{"href":"https:\/\/most-education.lv\/ru\/wp-json\/wp\/v2\/types\/page"}],"author":[{"embeddable":true,"href":"https:\/\/most-education.lv\/ru\/wp-json\/wp\/v2\/users\/10"}],"replies":[{"embeddable":true,"href":"https:\/\/most-education.lv\/ru\/wp-json\/wp\/v2\/comments?post=16447"}],"version-history":[{"count":14,"href":"https:\/\/most-education.lv\/ru\/wp-json\/wp\/v2\/pages\/16447\/revisions"}],"predecessor-version":[{"id":17169,"href":"https:\/\/most-education.lv\/ru\/wp-json\/wp\/v2\/pages\/16447\/revisions\/17169"}],"wp:attachment":[{"href":"https:\/\/most-education.lv\/ru\/wp-json\/wp\/v2\/media?parent=16447"}],"curies":[{"name":"wp","href":"https:\/\/api.w.org\/{rel}","templated":true}]}}